{"id":2781,"date":"2020-11-02T12:21:47","date_gmt":"2020-11-02T12:21:47","guid":{"rendered":"http:\/\/s683836011.mialojamiento.es\/urban\/moving-cities\/"},"modified":"2024-10-15T11:29:19","modified_gmt":"2024-10-15T10:29:19","slug":"moving-cities","status":"publish","type":"page","link":"https:\/\/www.sabacaucho.com\/fr\/urban\/moving-cities\/","title":{"rendered":"Que nos villes restent en mouvement"},"content":{"rendered":"<p style=\"text-align: left;\"><strong>PLUS SURES. AVEC UNE PLUS FORTE PERSONNALITE.<\/strong><\/p>\n<p style=\"text-align: left;\"><strong>C\u2019est ainsi que nous imaginons les villes d\u2019aujourd\u2019hui. Et celles de demain.<\/strong><\/p>\n<p style=\"text-align: left;\"><strong>Nous ne pouvons pas renoncer \u00e0 la personnalit\u00e9 et au caract\u00e8re propre des villes. Et surtout, nous ne pouvons pas renoncer \u00e0 la s\u00e9curit\u00e9 quand nous parlons de citoyens, quand nous parlons de personnes. <\/strong><\/p>\n<p style=\"text-align: left;\"><strong>C\u2019est pourquoi nous restons en mouvement, pour offrir les produits de mobilit\u00e9 urbaine les plus innovants et de la plus haute qualit\u00e9.<\/strong><\/p>\n<p style=\"text-align: left;\"><strong><em>Que nos villes restent en mouvement.<\/em><\/strong><\/p>\n","protected":false},"excerpt":{"rendered":"<p>PLUS SURES. AVEC UNE PLUS FORTE PERSONNALITE. C\u2019est ainsi que nous imaginons les villes d\u2019aujourd\u2019hui. Et celles de demain. Nous ne pouvons pas renoncer \u00e0 la personnalit\u00e9 et au caract\u00e8re propre des villes. Et surtout, nous ne pouvons pas renoncer \u00e0 la s\u00e9curit\u00e9 quand nous parlons de citoyens, quand nous parlons de personnes. C\u2019est pourquoi [&hellip;]<\/p>\n","protected":false},"author":1,"featured_media":0,"parent":1937,"menu_order":0,"comment_status":"closed","ping_status":"closed","template":"page-full-deco.php","meta":{"_acf_changed":false,"inline_featured_image":false,"footnotes":""},"class_list":["post-2781","page","type-page","status-publish","hentry"],"acf":[],"_links":{"self":[{"href":"https:\/\/www.sabacaucho.com\/fr\/wp-json\/wp\/v2\/pages\/2781","targetHints":{"allow":["GET"]}}],"collection":[{"href":"https:\/\/www.sabacaucho.com\/fr\/wp-json\/wp\/v2\/pages"}],"about":[{"href":"https:\/\/www.sabacaucho.com\/fr\/wp-json\/wp\/v2\/types\/page"}],"author":[{"embeddable":true,"href":"https:\/\/www.sabacaucho.com\/fr\/wp-json\/wp\/v2\/users\/1"}],"replies":[{"embeddable":true,"href":"https:\/\/www.sabacaucho.com\/fr\/wp-json\/wp\/v2\/comments?post=2781"}],"version-history":[{"count":3,"href":"https:\/\/www.sabacaucho.com\/fr\/wp-json\/wp\/v2\/pages\/2781\/revisions"}],"predecessor-version":[{"id":3307,"href":"https:\/\/www.sabacaucho.com\/fr\/wp-json\/wp\/v2\/pages\/2781\/revisions\/3307"}],"up":[{"embeddable":true,"href":"https:\/\/www.sabacaucho.com\/fr\/wp-json\/wp\/v2\/pages\/1937"}],"wp:attachment":[{"href":"https:\/\/www.sabacaucho.com\/fr\/wp-json\/wp\/v2\/media?parent=2781"}],"curies":[{"name":"wp","href":"https:\/\/api.w.org\/{rel}","templated":true}]}}