{"id":2778,"date":"2021-03-12T12:19:38","date_gmt":"2021-03-12T11:19:38","guid":{"rendered":"http:\/\/s683836011.mialojamiento.es\/industry\/moving-industries\/"},"modified":"2024-10-15T11:51:08","modified_gmt":"2024-10-15T10:51:08","slug":"moving-industries","status":"publish","type":"page","link":"https:\/\/www.sabacaucho.com\/fr\/industry\/moving-industries\/","title":{"rendered":"Pour que nos industries restent en mouvement"},"content":{"rendered":"<p style=\"text-align: left;\">Nous \u00e9tudions les probl\u00e8mes de nos clients et nous les traitons comme si c\u2019\u00e9tait les n\u00f4tres. C\u2019est la seule mani\u00e8re d\u2019apporter les meilleures solutions, que ce soit avec des <strong>produits standards ou sur mesure<\/strong>, avec tout type d\u2019\u00e9lastom\u00e8res, pour favoriser l\u2019\u00e9volution positive des entreprises.<\/p>\n<p style=\"text-align: left;\">Non seulement nous produisons de pi\u00e8ces, mais nous r\u00e9alisons aussi des <strong>projets<\/strong>. Nous n\u2019\u00e9cartons jamais un projet, m\u00eame les plus difficiles et complexes.<\/p>\n<p style=\"text-align: left;\">Nous disposons \u00e9galement de la technologie d\u2019impression\u00a03D.<\/p>\n","protected":false},"excerpt":{"rendered":"<p>Nous \u00e9tudions les probl\u00e8mes de nos clients et nous les traitons comme si c\u2019\u00e9tait les n\u00f4tres. C\u2019est la seule mani\u00e8re d\u2019apporter les meilleures solutions, que ce soit avec des produits standards ou sur mesure, avec tout type d\u2019\u00e9lastom\u00e8res, pour favoriser l\u2019\u00e9volution positive des entreprises. Non seulement nous produisons de pi\u00e8ces, mais nous r\u00e9alisons aussi des [&hellip;]<\/p>\n","protected":false},"author":1,"featured_media":0,"parent":1931,"menu_order":0,"comment_status":"closed","ping_status":"closed","template":"page-full.php","meta":{"_acf_changed":false,"inline_featured_image":false,"footnotes":""},"class_list":["post-2778","page","type-page","status-publish","hentry"],"acf":[],"_links":{"self":[{"href":"https:\/\/www.sabacaucho.com\/fr\/wp-json\/wp\/v2\/pages\/2778","targetHints":{"allow":["GET"]}}],"collection":[{"href":"https:\/\/www.sabacaucho.com\/fr\/wp-json\/wp\/v2\/pages"}],"about":[{"href":"https:\/\/www.sabacaucho.com\/fr\/wp-json\/wp\/v2\/types\/page"}],"author":[{"embeddable":true,"href":"https:\/\/www.sabacaucho.com\/fr\/wp-json\/wp\/v2\/users\/1"}],"replies":[{"embeddable":true,"href":"https:\/\/www.sabacaucho.com\/fr\/wp-json\/wp\/v2\/comments?post=2778"}],"version-history":[{"count":6,"href":"https:\/\/www.sabacaucho.com\/fr\/wp-json\/wp\/v2\/pages\/2778\/revisions"}],"predecessor-version":[{"id":3288,"href":"https:\/\/www.sabacaucho.com\/fr\/wp-json\/wp\/v2\/pages\/2778\/revisions\/3288"}],"up":[{"embeddable":true,"href":"https:\/\/www.sabacaucho.com\/fr\/wp-json\/wp\/v2\/pages\/1931"}],"wp:attachment":[{"href":"https:\/\/www.sabacaucho.com\/fr\/wp-json\/wp\/v2\/media?parent=2778"}],"curies":[{"name":"wp","href":"https:\/\/api.w.org\/{rel}","templated":true}]}}