{"id":1980,"date":"2020-11-02T12:21:47","date_gmt":"2020-11-02T12:21:47","guid":{"rendered":"http:\/\/s683836011.mialojamiento.es\/urban\/moving-cities\/"},"modified":"2024-10-15T11:28:41","modified_gmt":"2024-10-15T10:28:41","slug":"moving-cities","status":"publish","type":"page","link":"https:\/\/www.sabacaucho.com\/ca\/urban\/moving-cities\/","title":{"rendered":"Que les nostres ciutats segueixin en moviment."},"content":{"rendered":"<p style=\"text-align: left;\"><strong>M\u00c9S SEGURES. AMB M\u00c9S PERSONALITAT.<\/strong><\/p>\n<p style=\"text-align: left;\"><strong>Aix\u00ed \u00e9s com ens imaginem les ciutats d\u2019avui. I tamb\u00e9 les de dem\u00e0. <\/strong><\/p>\n<p style=\"text-align: left;\"><strong>No podem renunciar a la personalitat i al car\u00e0cter propi de les ciutats. I sobretot, quan parlem de ciutadans, quan parlem de persones, no podem renunciar a la seguretat. <\/strong><\/p>\n<p style=\"text-align: left;\"><strong>Per aix\u00f2 seguim en moviment, per a oferir els productes de mobilitat urbana m\u00e9s innovadors i de la m\u00e0xima qualitat.<\/strong><\/p>\n<p style=\"text-align: left;\"><strong><em>Que les nostres ciutats segueixin en moviment. Moving cities. <\/em><\/strong><\/p>\n","protected":false},"excerpt":{"rendered":"<p>M\u00c9S SEGURES. AMB M\u00c9S PERSONALITAT. Aix\u00ed \u00e9s com ens imaginem les ciutats d\u2019avui. I tamb\u00e9 les de dem\u00e0. No podem renunciar a la personalitat i al car\u00e0cter propi de les ciutats. I sobretot, quan parlem de ciutadans, quan parlem de persones, no podem renunciar a la seguretat. Per aix\u00f2 seguim en moviment, per a oferir [&hellip;]<\/p>\n","protected":false},"author":1,"featured_media":0,"parent":1935,"menu_order":0,"comment_status":"closed","ping_status":"closed","template":"page-full-deco.php","meta":{"_acf_changed":false,"inline_featured_image":false,"footnotes":""},"class_list":["post-1980","page","type-page","status-publish","hentry"],"acf":[],"_links":{"self":[{"href":"https:\/\/www.sabacaucho.com\/ca\/wp-json\/wp\/v2\/pages\/1980","targetHints":{"allow":["GET"]}}],"collection":[{"href":"https:\/\/www.sabacaucho.com\/ca\/wp-json\/wp\/v2\/pages"}],"about":[{"href":"https:\/\/www.sabacaucho.com\/ca\/wp-json\/wp\/v2\/types\/page"}],"author":[{"embeddable":true,"href":"https:\/\/www.sabacaucho.com\/ca\/wp-json\/wp\/v2\/users\/1"}],"replies":[{"embeddable":true,"href":"https:\/\/www.sabacaucho.com\/ca\/wp-json\/wp\/v2\/comments?post=1980"}],"version-history":[{"count":3,"href":"https:\/\/www.sabacaucho.com\/ca\/wp-json\/wp\/v2\/pages\/1980\/revisions"}],"predecessor-version":[{"id":3305,"href":"https:\/\/www.sabacaucho.com\/ca\/wp-json\/wp\/v2\/pages\/1980\/revisions\/3305"}],"up":[{"embeddable":true,"href":"https:\/\/www.sabacaucho.com\/ca\/wp-json\/wp\/v2\/pages\/1935"}],"wp:attachment":[{"href":"https:\/\/www.sabacaucho.com\/ca\/wp-json\/wp\/v2\/media?parent=1980"}],"curies":[{"name":"wp","href":"https:\/\/api.w.org\/{rel}","templated":true}]}}