{"id":1943,"date":"2021-03-12T12:19:38","date_gmt":"2021-03-12T11:19:38","guid":{"rendered":"http:\/\/s683836011.mialojamiento.es\/industry\/moving-industries\/"},"modified":"2024-10-15T11:50:31","modified_gmt":"2024-10-15T10:50:31","slug":"moving-industries","status":"publish","type":"page","link":"https:\/\/www.sabacaucho.com\/ca\/industry\/moving-industries\/","title":{"rendered":"Que les nostres ind\u00fastries segueixin en moviment"},"content":{"rendered":"<p style=\"text-align: left;\">Estudiem els problemes dels nostres clients i els fem propis. Nom\u00e9s aix\u00ed els podem aportar les millors <strong>solucions, ja sigui amb peces est\u00e0ndards o a mida, i amb tota classe d\u2019elast\u00f2mers<\/strong>, perqu\u00e8 ells segueixin en constant moviment.<\/p>\n<p style=\"text-align: left;\">A m\u00e9s de fer productes, duem a terme <strong>projectes<\/strong>. Mai hem rebutjat un projecte, per dif\u00edcil o complex que fos.<\/p>\n<p style=\"text-align: left;\">Tamb\u00e9 disposem de tecnologia d\u2019impressi\u00f3 3D.<\/p>\n","protected":false},"excerpt":{"rendered":"<p>Estudiem els problemes dels nostres clients i els fem propis. Nom\u00e9s aix\u00ed els podem aportar les millors solucions, ja sigui amb peces est\u00e0ndards o a mida, i amb tota classe d\u2019elast\u00f2mers, perqu\u00e8 ells segueixin en constant moviment. A m\u00e9s de fer productes, duem a terme projectes. Mai hem rebutjat un projecte, per dif\u00edcil o complex [&hellip;]<\/p>\n","protected":false},"author":1,"featured_media":0,"parent":1926,"menu_order":0,"comment_status":"closed","ping_status":"closed","template":"page-full.php","meta":{"_acf_changed":false,"inline_featured_image":false,"footnotes":""},"class_list":["post-1943","page","type-page","status-publish","hentry"],"acf":[],"_links":{"self":[{"href":"https:\/\/www.sabacaucho.com\/ca\/wp-json\/wp\/v2\/pages\/1943","targetHints":{"allow":["GET"]}}],"collection":[{"href":"https:\/\/www.sabacaucho.com\/ca\/wp-json\/wp\/v2\/pages"}],"about":[{"href":"https:\/\/www.sabacaucho.com\/ca\/wp-json\/wp\/v2\/types\/page"}],"author":[{"embeddable":true,"href":"https:\/\/www.sabacaucho.com\/ca\/wp-json\/wp\/v2\/users\/1"}],"replies":[{"embeddable":true,"href":"https:\/\/www.sabacaucho.com\/ca\/wp-json\/wp\/v2\/comments?post=1943"}],"version-history":[{"count":4,"href":"https:\/\/www.sabacaucho.com\/ca\/wp-json\/wp\/v2\/pages\/1943\/revisions"}],"predecessor-version":[{"id":3155,"href":"https:\/\/www.sabacaucho.com\/ca\/wp-json\/wp\/v2\/pages\/1943\/revisions\/3155"}],"up":[{"embeddable":true,"href":"https:\/\/www.sabacaucho.com\/ca\/wp-json\/wp\/v2\/pages\/1926"}],"wp:attachment":[{"href":"https:\/\/www.sabacaucho.com\/ca\/wp-json\/wp\/v2\/media?parent=1943"}],"curies":[{"name":"wp","href":"https:\/\/api.w.org\/{rel}","templated":true}]}}